{"id":243,"date":"2023-03-10T15:42:56","date_gmt":"2023-03-10T15:42:56","guid":{"rendered":"https:\/\/paisajepublico.com\/cms\/?page_id=243"},"modified":"2024-07-08T11:49:19","modified_gmt":"2024-07-08T14:49:19","slug":"internacional","status":"publish","type":"page","link":"https:\/\/paisajepublico.com\/it\/internacional\/","title":{"rendered":"Internazionale"},"content":{"rendered":"<p>Dal 2021, Paisaje P\u00fablico ha iniziato a partecipare a diverse istanze di mercato specificamente concepite per le organizzazioni dedicate alle arti di strada e alla creazione nello spazio pubblico. Questo le ha permesso di diventare la prima organizzazione latinoamericana all&#8217;interno della rete europea Circostrada.<\/p>\n<p><strong>RETE CIRCOSTRADA<\/strong><\/p>\n<p>Circostrada \u00e8 la rete europea del circo contemporaneo e delle arti nello spazio pubblico. \u00c8 stata creata nel 2003 con l&#8217;obiettivo di sviluppare e rafforzare questi settori e ottenere il loro riconoscimento su scala europea e globale. Partner chiave e punto di contatto per i suoi membri, Circostrada \u00e8 anche un&#8217;organizzazione interessata alle relazioni con i dipartimenti culturali di varie istituzioni internazionali.<\/p>\n<p><strong>Attraversamento globale di Circostrada in Cile 2023<\/strong><\/p>\n<p>Viaggio esplorativo intrapreso dai membri della rete per conoscere lo stato attuale delle arti di strada in diverse regioni del mondo. L&#8217;evento ha visto la partecipazione di 10 programmatori provenienti da Spagna, Francia, Italia, Regno Unito, Belgio e Corea del Sud, che hanno partecipato ai festival Cielos del Infinito e Santiago a Mil. Tra le attivit\u00e0 vi sono stati incontri con artisti di circo, teatro, danza e interdisciplinari, nonch\u00e9 visite a spazi creativi a Santiago e Valparaiso. Ci\u00f2 ha permesso di diffondere il lavoro di artisti di varie discipline dello spettacolo con i programmatori dei pi\u00f9 importanti festival europei. Da questo progetto sono emerse connessioni con programmatori nazionali e internazionali, che hanno permesso l&#8217;accordo per il Foco Chile 2025 in Italia e l&#8217;invito in Corea del Sud.<\/p>\n<p><strong>FOCUS CILE 2025 in collaborazione con Mirabilia Festival (prossimamente)<\/strong><\/p>\n<p>Quest&#8217;anno il Ministero della Cultura, delle Arti e del Patrimonio cileno ha accettato l&#8217;invito di Mirabilia Festival a partecipare a un viaggio esplorativo verso il 2025. Stiamo lavorando in collaborazione con Mirabilia, cos\u00ec come con diverse istituzioni cilene e italiane, per realizzare un FOCUS CILE nella prossima edizione di questo prestigioso festival. Il nostro obiettivo principale \u00e8 quello di rafforzare le relazioni che miglioreranno le condizioni di circolazione tra artisti cileni e italiani tra i due paesaggi\/paesi.<\/p>","protected":false},"excerpt":{"rendered":"<p>Dal 2021, Paisaje P\u00fablico ha iniziato a partecipare a diverse istanze di mercato specificamente concepite per le organizzazioni dedicate alle arti di strada e alla creazione nello spazio pubblico. Questo le ha permesso di diventare la prima organizzazione latinoamericana all&#8217;interno della rete europea Circostrada. RETE CIRCOSTRADA Circostrada \u00e8 la rete europea del circo contemporaneo e [&hellip;]<\/p>\n","protected":false},"author":3,"featured_media":277,"parent":0,"menu_order":4,"comment_status":"closed","ping_status":"closed","template":"","meta":{"footnotes":""},"class_list":["post-243","page","type-page","status-publish","has-post-thumbnail","hentry"],"acf":[],"_links":{"self":[{"href":"https:\/\/paisajepublico.com\/it\/wp-json\/wp\/v2\/pages\/243","targetHints":{"allow":["GET"]}}],"collection":[{"href":"https:\/\/paisajepublico.com\/it\/wp-json\/wp\/v2\/pages"}],"about":[{"href":"https:\/\/paisajepublico.com\/it\/wp-json\/wp\/v2\/types\/page"}],"author":[{"embeddable":true,"href":"https:\/\/paisajepublico.com\/it\/wp-json\/wp\/v2\/users\/3"}],"replies":[{"embeddable":true,"href":"https:\/\/paisajepublico.com\/it\/wp-json\/wp\/v2\/comments?post=243"}],"version-history":[{"count":35,"href":"https:\/\/paisajepublico.com\/it\/wp-json\/wp\/v2\/pages\/243\/revisions"}],"predecessor-version":[{"id":528,"href":"https:\/\/paisajepublico.com\/it\/wp-json\/wp\/v2\/pages\/243\/revisions\/528"}],"wp:featuredmedia":[{"embeddable":true,"href":"https:\/\/paisajepublico.com\/it\/wp-json\/wp\/v2\/media\/277"}],"wp:attachment":[{"href":"https:\/\/paisajepublico.com\/it\/wp-json\/wp\/v2\/media?parent=243"}],"curies":[{"name":"wp","href":"https:\/\/api.w.org\/{rel}","templated":true}]}}