{"id":81,"date":"2023-02-02T14:11:19","date_gmt":"2023-02-02T14:11:19","guid":{"rendered":"https:\/\/paisajepublico.com\/cms\/?page_id=81"},"modified":"2024-07-07T11:24:43","modified_gmt":"2024-07-07T14:24:43","slug":"gestion","status":"publish","type":"page","link":"https:\/\/paisajepublico.com\/it\/paisaje-publico\/gestion\/","title":{"rendered":"Gestione"},"content":{"rendered":"<p>Paisaje p\u00fablico nasce a met\u00e0 del 2020 &#8211; in piena pandemia &#8211; come progetto prodotto dalla Cooperativa de Arte Esc\u00e9nico RED COMPARTIR. A partire dal marzo 2022, il progetto acquisisce autonomia come Paisaje P\u00fablico SpA e nel corso dell&#8217;anno in corso ne stabilisce la fondazione.<\/p>\n<p>L&#8217;obiettivo \u00e8 quello di articolare un&#8217;organizzazione culturale che lavori su diverse aree di sviluppo che favoriscano la promozione della creazione artistica dal vivo nello spazio pubblico. Sergio Gilabert \u00e8 attualmente responsabile del coordinamento generale e della direzione artistica di Paisaje P\u00fablico. Si spera che nei primi statuti della fondazione sia possibile determinare un periodo effettivo per la posizione di direttore artistico, al fine di aprire un concorso pubblico che democratizzi la visione curatoriale di Paisaje P\u00fablico.<\/p>","protected":false},"excerpt":{"rendered":"<p>Paisaje p\u00fablico nasce a met\u00e0 del 2020 &#8211; in piena pandemia &#8211; come progetto prodotto dalla Cooperativa de Arte Esc\u00e9nico RED COMPARTIR. A partire dal marzo 2022, il progetto acquisisce autonomia come Paisaje P\u00fablico SpA e nel corso dell&#8217;anno in corso ne stabilisce la fondazione. L&#8217;obiettivo \u00e8 quello di articolare un&#8217;organizzazione culturale che lavori su [&hellip;]<\/p>\n","protected":false},"author":2,"featured_media":82,"parent":59,"menu_order":0,"comment_status":"closed","ping_status":"closed","template":"","meta":{"footnotes":""},"class_list":["post-81","page","type-page","status-publish","has-post-thumbnail","hentry"],"acf":[],"_links":{"self":[{"href":"https:\/\/paisajepublico.com\/it\/wp-json\/wp\/v2\/pages\/81","targetHints":{"allow":["GET"]}}],"collection":[{"href":"https:\/\/paisajepublico.com\/it\/wp-json\/wp\/v2\/pages"}],"about":[{"href":"https:\/\/paisajepublico.com\/it\/wp-json\/wp\/v2\/types\/page"}],"author":[{"embeddable":true,"href":"https:\/\/paisajepublico.com\/it\/wp-json\/wp\/v2\/users\/2"}],"replies":[{"embeddable":true,"href":"https:\/\/paisajepublico.com\/it\/wp-json\/wp\/v2\/comments?post=81"}],"version-history":[{"count":10,"href":"https:\/\/paisajepublico.com\/it\/wp-json\/wp\/v2\/pages\/81\/revisions"}],"predecessor-version":[{"id":504,"href":"https:\/\/paisajepublico.com\/it\/wp-json\/wp\/v2\/pages\/81\/revisions\/504"}],"up":[{"embeddable":true,"href":"https:\/\/paisajepublico.com\/it\/wp-json\/wp\/v2\/pages\/59"}],"wp:featuredmedia":[{"embeddable":true,"href":"https:\/\/paisajepublico.com\/it\/wp-json\/wp\/v2\/media\/82"}],"wp:attachment":[{"href":"https:\/\/paisajepublico.com\/it\/wp-json\/wp\/v2\/media?parent=81"}],"curies":[{"name":"wp","href":"https:\/\/api.w.org\/{rel}","templated":true}]}}